{"id":26,"date":"2013-05-12T02:07:58","date_gmt":"2013-05-12T00:07:58","guid":{"rendered":"http:\/\/s464879734.mialojamiento.es\/?page_id=26"},"modified":"2018-02-04T20:02:39","modified_gmt":"2018-02-04T19:02:39","slug":"precios-de-reparacion-de-ordenadores","status":"publish","type":"page","link":"https:\/\/sinmoverte.es\/ca\/precios-de-reparacion-de-ordenadores\/","title":{"rendered":"Preus de reparaci\u00f3 d&#8217;ordinadors"},"content":{"rendered":"<p>Aqu\u00ed trobar\u00e0s els <strong>preus de reparaci\u00f3 d&#8217;ordinadors<\/strong> per a particulars i per a empreses. Ens agrada treballar amb preus tancats, perqu\u00e8 no tinguis sorpreses. En el cas de la formaci\u00f3 inform\u00e0tica a domicili, fem junts una valoraci\u00f3.<\/p>\n<p>&nbsp;<\/p>\n<p style=\"text-align: center;\"><img loading=\"lazy\" decoding=\"async\" class=\"alignright wp-image-1305 size-full\" title=\"Preus de reparaci\u00f3 d'ordinadors\" src=\"https:\/\/sinmoverte.es\/wp-content\/uploads\/2013\/05\/ahorro.png\" alt=\"Preus de reparaci\u00f3 d'ordinadors\" width=\"225\" height=\"186\" srcset=\"https:\/\/sinmoverte.es\/wp-content\/uploads\/2013\/05\/ahorro.png 225w, https:\/\/sinmoverte.es\/wp-content\/uploads\/2013\/05\/ahorro-181x150.png 181w, https:\/\/sinmoverte.es\/wp-content\/uploads\/2013\/05\/ahorro-150x124.png 150w\" sizes=\"auto, (max-width: 225px) 100vw, 225px\" \/><\/p>\n<h2>Preus de reparaci\u00f3 d&#8217;ordinadors:<\/h2>\n<ul>\n<li>\n<h3>Servei plus: <strong><span style=\"color: #e6b122;\">79\u20ac<\/span><\/strong>\u00a0(<em>2 hores de m\u00e0 d&#8217;obra, pel que necessitis<\/em>)<\/h3>\n<\/li>\n<li><a title=\"Neteja d'ordinador:\" href=\"https:\/\/sinmoverte.es\/reparacion-de-ordenadores-en-barcelona\/limpiar-ordenador\/\">Neteja d&#8217;ordinador:<\/a>: <strong><span style=\"color: #e6b122;\">79\u20ac<\/span><\/strong><\/li>\n<li>Recuperaci\u00f3 de dades: <strong><span style=\"color: #e6b122;\">69\u20ac<\/span><\/strong><\/li>\n<li>Reinstal\u00b7laci\u00f3 de sistema operatiu: desde\u00a0<strong><span style=\"color: #e6b122;\">79\u20ac<\/span><\/strong><\/li>\n<li>C\u00f2pia de seguretat: <strong><span style=\"color: #e6b122;\">79\u20ac<\/span><\/strong> (<em>backup independent de la quantitat d&#8217;informaci\u00f3<\/em>)<\/li>\n<li>Formaci\u00f3: <a title=\"\u00bfNecesitas ayuda inform\u00e1tica?\" href=\"https:\/\/sinmoverte.es\/contacta-con-nosotros\/\"><strong>consulta amb nosaltres.<\/strong><\/a> Plans formatius a mida.<\/li>\n<\/ul>\n<h5>Despla\u00e7ament, Barcelona ciutat i \u00e0rea metropolitana incl\u00f2s en els preus de reparaci\u00f3 d&#8217;ordinadors. <strong>IVA incl\u00f2s.<\/strong><\/h5>\n<h2>Preus de <a title=\"Mantenimiento inform\u00e1tico para empresas\" href=\"https:\/\/sinmoverte.es\/reparacion-de-ordenadores-en-barcelona\/mantenimiento-informatico-para-empresas\/\">manteniment inform\u00e0tic per a empreses:<\/a><\/h2>\n<h3>(Despla\u00e7ament incl\u00f2s)<\/h3>\n<ul>\n<li>Assist\u00e8ncia: <strong><span style=\"color: #e6b122;\">59\u20ac<\/span><\/strong> l&#8217;hora<\/li>\n<li>Manteniment B\u00e0sic: <strong><span style=\"color: #e6b122;\">149\u20ac<\/span><\/strong> per mes (3 hores i 3 assist\u00e8ncias remotes)<\/li>\n<li>Manteniment Plus: <strong><span style=\"color: #e6b122;\">249\u20ac<\/span><\/strong> per mes (6 hores i 6 assist\u00e8ncias remotes)<\/li>\n<li>Manteniment Premium: <strong><span style=\"color: #e6b122;\">399\u20ac<\/span><\/strong> per mes (12 hores i assist\u00e9ncia remota il\u00b7limitada)<\/li>\n<li>Bono 10 hores: <strong><span style=\"color: #e6b122;\">449\u20ac<\/span><\/strong><\/li>\n<li>Bono 20 hores: <strong><span style=\"color: #e6b122;\">779\u20ac<\/span><\/strong><\/li>\n<\/ul>\n<h5>Despla\u00e7ament, Barcelona ciutat i \u00e0rea metropolitana incl\u00f2s en els preus. <strong>IVA no incl\u00f2s.<\/strong><\/h5>\n<p>&nbsp;<\/p>\n<p style=\"text-align: left;\"><a class=\"short-button-color\" target=\"_blank\" style=\"background-color:#10668f\" href=\"\/contacta-con-nosotros\/\" title=\" Contacta amb nosaltres! \" > Contacta amb nosaltres! <\/a><\/p>\n<h6 style=\"text-align: center;\">Aquests s\u00f3n els <strong>preus de reparaci\u00f3 d&#8217;ordinadors a Barcelona<\/strong><\/h6>\n<p><\/p>","protected":false},"excerpt":{"rendered":"<p>Aqu\u00ed trobar\u00e0s els preus de reparaci\u00f3 d&#8217;ordinadors per a particulars i per a empreses. Ens agrada treballar amb preus tancats, perqu\u00e8 no tinguis sorpreses. En el cas de la formaci\u00f3 inform\u00e0tica a domicili, fem junts una valoraci\u00f3. &nbsp; Preus de reparaci\u00f3 d&#8217;ordinadors: Servei plus: 79\u20ac\u00a0(2 hores de m\u00e0 d&#8217;obra, pel \u2026 <a class=\"continue-reading-link\" href=\"https:\/\/sinmoverte.es\/ca\/precios-de-reparacion-de-ordenadores\/\">Continuar leyendo <span class=\"meta-nav\">&rarr; <\/span><\/a><\/p>\n","protected":false},"author":2,"featured_media":0,"parent":0,"menu_order":0,"comment_status":"closed","ping_status":"open","template":"","meta":{"footnotes":""},"class_list":["post-26","page","type-page","status-publish","hentry"],"_links":{"self":[{"href":"https:\/\/sinmoverte.es\/ca\/wp-json\/wp\/v2\/pages\/26","targetHints":{"allow":["GET"]}}],"collection":[{"href":"https:\/\/sinmoverte.es\/ca\/wp-json\/wp\/v2\/pages"}],"about":[{"href":"https:\/\/sinmoverte.es\/ca\/wp-json\/wp\/v2\/types\/page"}],"author":[{"embeddable":true,"href":"https:\/\/sinmoverte.es\/ca\/wp-json\/wp\/v2\/users\/2"}],"replies":[{"embeddable":true,"href":"https:\/\/sinmoverte.es\/ca\/wp-json\/wp\/v2\/comments?post=26"}],"version-history":[{"count":50,"href":"https:\/\/sinmoverte.es\/ca\/wp-json\/wp\/v2\/pages\/26\/revisions"}],"predecessor-version":[{"id":1568,"href":"https:\/\/sinmoverte.es\/ca\/wp-json\/wp\/v2\/pages\/26\/revisions\/1568"}],"wp:attachment":[{"href":"https:\/\/sinmoverte.es\/ca\/wp-json\/wp\/v2\/media?parent=26"}],"curies":[{"name":"wp","href":"https:\/\/api.w.org\/{rel}","templated":true}]}}