{"id":1536,"date":"2021-01-01T16:56:15","date_gmt":"2021-01-01T15:56:15","guid":{"rendered":"https:\/\/sinmoverte.es\/?page_id=1536"},"modified":"2025-10-05T13:25:05","modified_gmt":"2025-10-05T11:25:05","slug":"mejor-antivirus","status":"publish","type":"page","link":"https:\/\/sinmoverte.es\/ca\/mejor-antivirus\/","title":{"rendered":"Mejor Antivirus"},"content":{"rendered":"\n<p>En esta p\u00e1gina maestra, enlazamos nuestros mejores art\u00edculos para saber cu\u00e1l es el mejor antivirus, de pago y gratuito. La idea es que puedas encontrar aquella soluci\u00f3n que se adapte a lo que necesitas, sea estar protegido, limpiar una infecci\u00f3n, o bien, estar tranquilo.<\/p>\n\n\n\n<figure class=\"wp-block-image size-large\"><a href=\"https:\/\/sinmoverte.es\/wp-content\/uploads\/2013\/07\/El-mejor-antivirus-de-pago.jpg\"><img loading=\"lazy\" decoding=\"async\" width=\"1000\" height=\"296\" src=\"https:\/\/sinmoverte.es\/wp-content\/uploads\/2013\/07\/El-mejor-antivirus-de-pago.jpg\" alt=\"El mejor antivirus de pago - los antivirus probados\" class=\"wp-image-481\" srcset=\"https:\/\/sinmoverte.es\/wp-content\/uploads\/2013\/07\/El-mejor-antivirus-de-pago.jpg 1000w, https:\/\/sinmoverte.es\/wp-content\/uploads\/2013\/07\/El-mejor-antivirus-de-pago-300x88.jpg 300w, https:\/\/sinmoverte.es\/wp-content\/uploads\/2013\/07\/El-mejor-antivirus-de-pago-250x74.jpg 250w\" sizes=\"auto, (max-width: 1000px) 100vw, 1000px\" \/><\/a><\/figure>\n\n\n\n<h2 class=\"wp-block-heading\">6 a\u00f1os investigando el mejor antivirus<\/h2>\n\n\n\n<p>Esta es la lista de aquellos art\u00edculos interesantes:<\/p>\n\n\n\n<p><a href=\"https:\/\/sinmoverte.es\/vale-la-pena-usar-un-antivirus-de-pago\/\">\u00bfVale la pena usar un antivirus de pago?<\/a><\/p>\n\n\n\n<p><a href=\"https:\/\/sinmoverte.es\/mejor-antivirus-de-pago-2014\/\">Mejor antivirus de pago 2014<\/a><\/p>\n\n\n\n<p><a href=\"https:\/\/sinmoverte.es\/cual-es-el-mejor-antivirus-de-pago-2015\/\">\u00bfCu\u00e1l es el mejor antivirus de pago 2015?<\/a><\/p>\n\n\n\n<p><a href=\"https:\/\/sinmoverte.es\/mejor-antivirus\/mejor-antivirus-de-pago-2016\/\">Mejor antivirus de pago 2016<\/a><\/p>\n\n\n\n<p><a href=\"https:\/\/sinmoverte.es\/mejor-antivirus\/mejor-antivirus-de-pago-2017\/\">Mejor antivirus de pago 2017<\/a><\/p>\n\n\n\n<p><a href=\"https:\/\/sinmoverte.es\/mejor-antivirus\/mejor-antivirus-de-pago-2019\/\">Mejor antivirus de pago 2019<\/a><\/p>\n\n\n\n<p><a href=\"https:\/\/sinmoverte.es\/mejor-antivirus\/mejor-antivirus-de-pago-2020\/\">Mejor antivirus de pago 2020<\/a><\/p>\n\n\n\n<p><a href=\"https:\/\/sinmoverte.es\/el-mejor-antivirus-gratuito-2014\/\">\u00bfCu\u00e1l es el mejor antivirus gratuito 2014?<\/a><\/p>\n\n\n\n<p><a href=\"https:\/\/sinmoverte.es\/mejor-antivirus-gratuito-2015\/\">El mejor antivirus gratuito 2015<\/a><\/p>\n\n\n\n<p><\/p>\n\n\n\n<p>Como ves, hay una intensa lista de art\u00edculos donde estudiamos, a\u00f1o a a\u00f1o, cu\u00e1l es el mejor antivirus.<\/p>\n\n\n\n<p>Normalmente, en la rama de soluciones gratuitas, AVG suele obtener los mejores resultados<\/p>\n\n\n\n<p>En la rama de soluciones antivirus de pago, es <a href=\"http:\/\/tienda.eset.es\" target=\"_blank\" rel=\"noreferrer noopener\">ESET<\/a> quien da mejores resultados, dando protecci\u00f3n, sin afectar rendimiento. <\/p>\n\n\n\n<p>Aqu\u00ed tienes una DEMO de 30 d\u00edas gratuita de la <strong>mejor soluci\u00f3n antivirus<\/strong> del mercado: <a href=\"http:\/\/descargas.eset.es\/demo\/epr\/92574\/preinstaller\" target=\"_blank\" rel=\"noreferrer noopener\">Demo ESET Smart Security<\/a><\/p>\n\n\n\n<script src=\"https:\/\/comprar.eset.es\/ce\/esetBanner.php?u=u92574&amp;include_demos=on&amp;wresp=on&amp;w=250&amp;background_prods=%23ffffff&amp;background_margin=%236f7c8c&amp;background_cat=%236f7c8c&amp;background_secondary_cat=%23bfc4cb&amp;background_hover_cat=%23e6b122&amp;background_button_product=%230088b2&amp;background_button_product_hover=%23e6b122&amp;p1=epr_hogar&amp;p2=epr_hogar&amp;p3=eac_empresas&amp;\"><\/script>\n","protected":false},"excerpt":{"rendered":"<p>En esta p\u00e1gina maestra, enlazamos nuestros mejores art\u00edculos para saber cu\u00e1l es el mejor antivirus, de pago y gratuito. La idea es que puedas encontrar aquella soluci\u00f3n que se adapte a lo que necesitas, sea estar protegido, limpiar una infecci\u00f3n, o bien, estar tranquilo. 6 a\u00f1os investigando el mejor antivirus \u2026 <a class=\"continue-reading-link\" href=\"https:\/\/sinmoverte.es\/ca\/mejor-antivirus\/\">Continuar leyendo <span class=\"meta-nav\">&rarr; <\/span><\/a><\/p>\n","protected":false},"author":2,"featured_media":0,"parent":0,"menu_order":0,"comment_status":"closed","ping_status":"closed","template":"","meta":{"footnotes":""},"class_list":["post-1536","page","type-page","status-publish","hentry"],"_links":{"self":[{"href":"https:\/\/sinmoverte.es\/ca\/wp-json\/wp\/v2\/pages\/1536","targetHints":{"allow":["GET"]}}],"collection":[{"href":"https:\/\/sinmoverte.es\/ca\/wp-json\/wp\/v2\/pages"}],"about":[{"href":"https:\/\/sinmoverte.es\/ca\/wp-json\/wp\/v2\/types\/page"}],"author":[{"embeddable":true,"href":"https:\/\/sinmoverte.es\/ca\/wp-json\/wp\/v2\/users\/2"}],"replies":[{"embeddable":true,"href":"https:\/\/sinmoverte.es\/ca\/wp-json\/wp\/v2\/comments?post=1536"}],"version-history":[{"count":7,"href":"https:\/\/sinmoverte.es\/ca\/wp-json\/wp\/v2\/pages\/1536\/revisions"}],"predecessor-version":[{"id":1554,"href":"https:\/\/sinmoverte.es\/ca\/wp-json\/wp\/v2\/pages\/1536\/revisions\/1554"}],"wp:attachment":[{"href":"https:\/\/sinmoverte.es\/ca\/wp-json\/wp\/v2\/media?parent=1536"}],"curies":[{"name":"wp","href":"https:\/\/api.w.org\/{rel}","templated":true}]}}